{"id":18,"date":"2022-06-03T08:02:03","date_gmt":"2022-06-03T08:02:03","guid":{"rendered":"https:\/\/service112.dk\/index.php\/home\/"},"modified":"2023-08-09T10:55:22","modified_gmt":"2023-08-09T10:55:22","slug":"home","status":"publish","type":"page","link":"https:\/\/service112.dk\/","title":{"rendered":"Home"},"content":{"rendered":"\n    \n    <section class=\"u-align-center u-clearfix u-image u-shading u-section-2\" id=\"carousel_5d5a\" src=\"\" data-image-width=\"1980\" data-image-height=\"1114\" style=\"background-image: linear-gradient(0deg, rgba(0, 0, 0, 0.45), rgba(0, 0, 0, 0.45)), url(&quot;https:\/\/service112.dk\/wp-content\/uploads\/2022\/06\/vcvv-min.jpg&quot;);\">\n      <div class=\"u-clearfix u-sheet u-sheet-1\">\n        <h1 class=\"u-custom-font u-font-montserrat u-text u-text-custom-color-2 u-title u-text-1\">Ubiquiti -&nbsp;Microsoft - Security<br>\n        <\/h1>\n        <h1 class=\"u-custom-font u-font-montserrat u-text u-text-custom-color-2 u-title u-text-2\">service og installation <\/h1>\n        <p class=\"u-text u-text-custom-color-2 u-text-3\">Firewalls<br>Tr\u00e5dl\u00f8st netv\u00e6rk<br>Router og S\u200bwitches<br>Netv\u00e6rk - overv\u00e5gning<br>\n          <span style=\"font-weight: 400;\">Unifi Cloud Co\u200bntroller<\/span>\n          <br>Microsoft 365 Sharepoint<span class=\"u-text-custom-color-1\">\n            <span class=\"u-text-custom-color-2\">\n              <span class=\"u-text-custom-color-1\"><\/span>\n            <\/span>\n          <\/span>\n          <br>Antivirus, Malware, Ransomware\n        <\/p>\n        <div class=\"u-border-2 u-border-custom-color-2 u-line u-line-horizontal u-line-1\"><\/div>\n        <p class=\"u-text u-text-custom-color-2 u-text-4\">Microsoft Certified Professional<br>info@service112.dk<br>Microsoft Partner<br>+45 2094 1889<br>Lars Nielsen&nbsp;<br>\n          <a href=\"https:\/\/cloudgz.gravityzone.bitdefender.com\/Packages\/BSTWIN\/0\/setupdownloader_[aHR0cHM6Ly9jbG91ZGd6LWVjcy5ncmF2aXR5em9uZS5iaXRkZWZlbmRlci5jb20vUGFja2FnZXMvQlNUV0lOLzAvMG1TQzhJL2luc3RhbGxlci54bWw-bGFuZz1lbi1VUw==].exe\" class=\"u-active-none u-border-none u-btn u-button-link u-button-style u-hover-none u-none u-text-palette-1-base u-btn-1\" target=\"_blank\">Bitdefender<\/a>\n        <\/p>\n      <\/div>\n    <\/section>\n    \n    \n  \n","protected":false},"excerpt":{"rendered":"<p>Ubiquiti &#8211;&nbsp;Microsoft &#8211; Security service og installation FirewallsTr\u00e5dl\u00f8st netv\u00e6rkRouter og S\u200bwitchesNetv\u00e6rk &#8211; overv\u00e5gning Unifi Cloud Co\u200bntroller Microsoft 365 Sharepoint Antivirus, Malware, Ransomware Microsoft Certified Professionalinfo@service112.dkMicrosoft Partner+45 2094 1889Lars Nielsen&nbsp; Bitdefender<\/p>\n","protected":false},"author":1,"featured_media":0,"parent":0,"menu_order":1,"comment_status":"closed","ping_status":"closed","template":"","meta":{"footnotes":""},"class_list":["post-18","page","type-page","status-publish","hentry"],"_links":{"self":[{"href":"https:\/\/service112.dk\/index.php\/wp-json\/wp\/v2\/pages\/18","targetHints":{"allow":["GET"]}}],"collection":[{"href":"https:\/\/service112.dk\/index.php\/wp-json\/wp\/v2\/pages"}],"about":[{"href":"https:\/\/service112.dk\/index.php\/wp-json\/wp\/v2\/types\/page"}],"author":[{"embeddable":true,"href":"https:\/\/service112.dk\/index.php\/wp-json\/wp\/v2\/users\/1"}],"replies":[{"embeddable":true,"href":"https:\/\/service112.dk\/index.php\/wp-json\/wp\/v2\/comments?post=18"}],"version-history":[{"count":28,"href":"https:\/\/service112.dk\/index.php\/wp-json\/wp\/v2\/pages\/18\/revisions"}],"predecessor-version":[{"id":64,"href":"https:\/\/service112.dk\/index.php\/wp-json\/wp\/v2\/pages\/18\/revisions\/64"}],"wp:attachment":[{"href":"https:\/\/service112.dk\/index.php\/wp-json\/wp\/v2\/media?parent=18"}],"curies":[{"name":"wp","href":"https:\/\/api.w.org\/{rel}","templated":true}]}}